{"id":778,"date":"2024-05-07T06:35:34","date_gmt":"2024-05-07T06:35:34","guid":{"rendered":"http:\/\/aztaka4x4.com\/?post_type=product&#038;p=778"},"modified":"2024-05-08T07:29:40","modified_gmt":"2024-05-08T07:29:40","slug":"power-clean-petrol-injection-cleaner","status":"publish","type":"product","link":"https:\/\/aztaka4x4.com\/?product=power-clean-petrol-injection-cleaner","title":{"rendered":"Power-Clean Petrol Injection Cleaner"},"content":{"rendered":"<p>Permite una limpieza directa de los inyectores de\u00a0gasolina, las v\u00e1lvulas de admisi\u00f3n en la inyecci\u00f3n indirecta\u00a0y de la c\u00e1mara de combusti\u00f3n.<\/p>\n<p>Gracias a que se trata de una soluci\u00f3n de limpieza de alta\u00a0concentraci\u00f3n, no es necesario extraer los inyectores ni\u00a0desmontar el motor, facilitando el trabajo al mec\u00e1nico y\u00a0reduciendo la estancia del veh\u00edculo en el taller.<\/p>\n","protected":false},"excerpt":{"rendered":"<p>Permite una limpieza directa de los inyectores de\u00a0gasolina, las v\u00e1lvulas de admisi\u00f3n en la inyecci\u00f3n indirecta\u00a0y de la c\u00e1mara de combusti\u00f3n.<\/p>\n<p>Gracias a que se trata de una soluci\u00f3n de limpieza de alta\u00a0concentraci\u00f3n, no es necesario extraer los inyectores ni\u00a0desmontar el motor, facilitando el trabajo al mec\u00e1nico y\u00a0reduciendo la estancia del veh\u00edculo en el taller.<\/p>\n","protected":false},"featured_media":779,"comment_status":"open","ping_status":"closed","template":"","meta":[],"product_cat":[20],"product_tag":[],"class_list":{"0":"post-778","1":"product","2":"type-product","3":"status-publish","4":"has-post-thumbnail","6":"product_cat-accesorios","8":"first","9":"instock","10":"taxable","11":"shipping-taxable","12":"purchasable","13":"product-type-simple"},"yoast_head":"<!-- This site is optimized with the Yoast SEO plugin v24.1 - https:\/\/yoast.com\/wordpress\/plugins\/seo\/ -->\n<title>Power-Clean Petrol Injection Cleaner - Aztaka 4x4<\/title>\n<meta name=\"description\" content=\"Power-Clean Petrol Injection Cleaner\" \/>\n<meta name=\"robots\" content=\"index, follow, max-snippet:-1, max-image-preview:large, max-video-preview:-1\" \/>\n<link rel=\"canonical\" href=\"https:\/\/aztaka4x4.com\/?product=power-clean-petrol-injection-cleaner\" \/>\n<meta property=\"og:locale\" content=\"es_ES\" \/>\n<meta property=\"og:type\" content=\"article\" \/>\n<meta property=\"og:title\" content=\"Power-Clean Petrol Injection Cleaner - Aztaka 4x4\" \/>\n<meta property=\"og:description\" content=\"Power-Clean Petrol Injection Cleaner\" \/>\n<meta property=\"og:url\" content=\"https:\/\/aztaka4x4.com\/?product=power-clean-petrol-injection-cleaner\" \/>\n<meta property=\"og:site_name\" content=\"Aztaka 4x4\" \/>\n<meta property=\"article:modified_time\" content=\"2024-05-08T07:29:40+00:00\" \/>\n<meta property=\"og:image\" content=\"https:\/\/aztaka4x4.com\/wp-content\/uploads\/2024\/05\/PCP-injector.jpg\" \/>\n\t<meta property=\"og:image:width\" content=\"200\" \/>\n\t<meta property=\"og:image:height\" content=\"200\" \/>\n\t<meta property=\"og:image:type\" content=\"image\/jpeg\" \/>\n<meta name=\"twitter:card\" content=\"summary_large_image\" \/>\n<meta name=\"twitter:label1\" content=\"Tiempo de lectura\" \/>\n\t<meta name=\"twitter:data1\" content=\"1 minuto\" \/>\n<script type=\"application\/ld+json\" class=\"yoast-schema-graph\">{\"@context\":\"https:\/\/schema.org\",\"@graph\":[{\"@type\":\"WebPage\",\"@id\":\"https:\/\/aztaka4x4.com\/?product=power-clean-petrol-injection-cleaner\",\"url\":\"https:\/\/aztaka4x4.com\/?product=power-clean-petrol-injection-cleaner\",\"name\":\"Power-Clean Petrol Injection Cleaner - Aztaka 4x4\",\"isPartOf\":{\"@id\":\"https:\/\/aztaka4x4.com\/#website\"},\"primaryImageOfPage\":{\"@id\":\"https:\/\/aztaka4x4.com\/?product=power-clean-petrol-injection-cleaner#primaryimage\"},\"image\":{\"@id\":\"https:\/\/aztaka4x4.com\/?product=power-clean-petrol-injection-cleaner#primaryimage\"},\"thumbnailUrl\":\"https:\/\/aztaka4x4.com\/wp-content\/uploads\/2024\/05\/PCP-injector.jpg\",\"datePublished\":\"2024-05-07T06:35:34+00:00\",\"dateModified\":\"2024-05-08T07:29:40+00:00\",\"description\":\"Power-Clean Petrol Injection Cleaner\",\"breadcrumb\":{\"@id\":\"https:\/\/aztaka4x4.com\/?product=power-clean-petrol-injection-cleaner#breadcrumb\"},\"inLanguage\":\"es\",\"potentialAction\":[{\"@type\":\"ReadAction\",\"target\":[\"https:\/\/aztaka4x4.com\/?product=power-clean-petrol-injection-cleaner\"]}]},{\"@type\":\"ImageObject\",\"inLanguage\":\"es\",\"@id\":\"https:\/\/aztaka4x4.com\/?product=power-clean-petrol-injection-cleaner#primaryimage\",\"url\":\"https:\/\/aztaka4x4.com\/wp-content\/uploads\/2024\/05\/PCP-injector.jpg\",\"contentUrl\":\"https:\/\/aztaka4x4.com\/wp-content\/uploads\/2024\/05\/PCP-injector.jpg\",\"width\":200,\"height\":200},{\"@type\":\"BreadcrumbList\",\"@id\":\"https:\/\/aztaka4x4.com\/?product=power-clean-petrol-injection-cleaner#breadcrumb\",\"itemListElement\":[{\"@type\":\"ListItem\",\"position\":1,\"name\":\"Inicio\",\"item\":\"https:\/\/aztaka4x4.com\/\"},{\"@type\":\"ListItem\",\"position\":2,\"name\":\"Tienda\",\"item\":\"https:\/\/aztaka4x4.com\/?page_id=12\"},{\"@type\":\"ListItem\",\"position\":3,\"name\":\"Power-Clean Petrol Injection Cleaner\"}]},{\"@type\":\"WebSite\",\"@id\":\"https:\/\/aztaka4x4.com\/#website\",\"url\":\"https:\/\/aztaka4x4.com\/\",\"name\":\"Aztaka 4x4\",\"description\":\"\",\"publisher\":{\"@id\":\"https:\/\/aztaka4x4.com\/#organization\"},\"potentialAction\":[{\"@type\":\"SearchAction\",\"target\":{\"@type\":\"EntryPoint\",\"urlTemplate\":\"https:\/\/aztaka4x4.com\/?s={search_term_string}\"},\"query-input\":{\"@type\":\"PropertyValueSpecification\",\"valueRequired\":true,\"valueName\":\"search_term_string\"}}],\"inLanguage\":\"es\"},{\"@type\":\"Organization\",\"@id\":\"https:\/\/aztaka4x4.com\/#organization\",\"name\":\"Aztaka 4x4\",\"url\":\"https:\/\/aztaka4x4.com\/\",\"logo\":{\"@type\":\"ImageObject\",\"inLanguage\":\"es\",\"@id\":\"https:\/\/aztaka4x4.com\/#\/schema\/logo\/image\/\",\"url\":\"https:\/\/aztaka4x4.com\/wp-content\/uploads\/2024\/04\/image001.png\",\"contentUrl\":\"https:\/\/aztaka4x4.com\/wp-content\/uploads\/2024\/04\/image001.png\",\"width\":200,\"height\":63,\"caption\":\"Aztaka 4x4\"},\"image\":{\"@id\":\"https:\/\/aztaka4x4.com\/#\/schema\/logo\/image\/\"}}]}<\/script>\n<!-- \/ Yoast SEO plugin. -->","yoast_head_json":{"title":"Power-Clean Petrol Injection Cleaner - Aztaka 4x4","description":"Power-Clean Petrol Injection Cleaner","robots":{"index":"index","follow":"follow","max-snippet":"max-snippet:-1","max-image-preview":"max-image-preview:large","max-video-preview":"max-video-preview:-1"},"canonical":"https:\/\/aztaka4x4.com\/?product=power-clean-petrol-injection-cleaner","og_locale":"es_ES","og_type":"article","og_title":"Power-Clean Petrol Injection Cleaner - Aztaka 4x4","og_description":"Power-Clean Petrol Injection Cleaner","og_url":"https:\/\/aztaka4x4.com\/?product=power-clean-petrol-injection-cleaner","og_site_name":"Aztaka 4x4","article_modified_time":"2024-05-08T07:29:40+00:00","og_image":[{"width":200,"height":200,"url":"https:\/\/aztaka4x4.com\/wp-content\/uploads\/2024\/05\/PCP-injector.jpg","type":"image\/jpeg"}],"twitter_card":"summary_large_image","twitter_misc":{"Tiempo de lectura":"1 minuto"},"schema":{"@context":"https:\/\/schema.org","@graph":[{"@type":"WebPage","@id":"https:\/\/aztaka4x4.com\/?product=power-clean-petrol-injection-cleaner","url":"https:\/\/aztaka4x4.com\/?product=power-clean-petrol-injection-cleaner","name":"Power-Clean Petrol Injection Cleaner - Aztaka 4x4","isPartOf":{"@id":"https:\/\/aztaka4x4.com\/#website"},"primaryImageOfPage":{"@id":"https:\/\/aztaka4x4.com\/?product=power-clean-petrol-injection-cleaner#primaryimage"},"image":{"@id":"https:\/\/aztaka4x4.com\/?product=power-clean-petrol-injection-cleaner#primaryimage"},"thumbnailUrl":"https:\/\/aztaka4x4.com\/wp-content\/uploads\/2024\/05\/PCP-injector.jpg","datePublished":"2024-05-07T06:35:34+00:00","dateModified":"2024-05-08T07:29:40+00:00","description":"Power-Clean Petrol Injection Cleaner","breadcrumb":{"@id":"https:\/\/aztaka4x4.com\/?product=power-clean-petrol-injection-cleaner#breadcrumb"},"inLanguage":"es","potentialAction":[{"@type":"ReadAction","target":["https:\/\/aztaka4x4.com\/?product=power-clean-petrol-injection-cleaner"]}]},{"@type":"ImageObject","inLanguage":"es","@id":"https:\/\/aztaka4x4.com\/?product=power-clean-petrol-injection-cleaner#primaryimage","url":"https:\/\/aztaka4x4.com\/wp-content\/uploads\/2024\/05\/PCP-injector.jpg","contentUrl":"https:\/\/aztaka4x4.com\/wp-content\/uploads\/2024\/05\/PCP-injector.jpg","width":200,"height":200},{"@type":"BreadcrumbList","@id":"https:\/\/aztaka4x4.com\/?product=power-clean-petrol-injection-cleaner#breadcrumb","itemListElement":[{"@type":"ListItem","position":1,"name":"Inicio","item":"https:\/\/aztaka4x4.com\/"},{"@type":"ListItem","position":2,"name":"Tienda","item":"https:\/\/aztaka4x4.com\/?page_id=12"},{"@type":"ListItem","position":3,"name":"Power-Clean Petrol Injection Cleaner"}]},{"@type":"WebSite","@id":"https:\/\/aztaka4x4.com\/#website","url":"https:\/\/aztaka4x4.com\/","name":"Aztaka 4x4","description":"","publisher":{"@id":"https:\/\/aztaka4x4.com\/#organization"},"potentialAction":[{"@type":"SearchAction","target":{"@type":"EntryPoint","urlTemplate":"https:\/\/aztaka4x4.com\/?s={search_term_string}"},"query-input":{"@type":"PropertyValueSpecification","valueRequired":true,"valueName":"search_term_string"}}],"inLanguage":"es"},{"@type":"Organization","@id":"https:\/\/aztaka4x4.com\/#organization","name":"Aztaka 4x4","url":"https:\/\/aztaka4x4.com\/","logo":{"@type":"ImageObject","inLanguage":"es","@id":"https:\/\/aztaka4x4.com\/#\/schema\/logo\/image\/","url":"https:\/\/aztaka4x4.com\/wp-content\/uploads\/2024\/04\/image001.png","contentUrl":"https:\/\/aztaka4x4.com\/wp-content\/uploads\/2024\/04\/image001.png","width":200,"height":63,"caption":"Aztaka 4x4"},"image":{"@id":"https:\/\/aztaka4x4.com\/#\/schema\/logo\/image\/"}}]}},"_links":{"self":[{"href":"https:\/\/aztaka4x4.com\/index.php?rest_route=\/wp\/v2\/product\/778","targetHints":{"allow":["GET"]}}],"collection":[{"href":"https:\/\/aztaka4x4.com\/index.php?rest_route=\/wp\/v2\/product"}],"about":[{"href":"https:\/\/aztaka4x4.com\/index.php?rest_route=\/wp\/v2\/types\/product"}],"replies":[{"embeddable":true,"href":"https:\/\/aztaka4x4.com\/index.php?rest_route=%2Fwp%2Fv2%2Fcomments&post=778"}],"wp:featuredmedia":[{"embeddable":true,"href":"https:\/\/aztaka4x4.com\/index.php?rest_route=\/wp\/v2\/media\/779"}],"wp:attachment":[{"href":"https:\/\/aztaka4x4.com\/index.php?rest_route=%2Fwp%2Fv2%2Fmedia&parent=778"}],"wp:term":[{"taxonomy":"product_cat","embeddable":true,"href":"https:\/\/aztaka4x4.com\/index.php?rest_route=%2Fwp%2Fv2%2Fproduct_cat&post=778"},{"taxonomy":"product_tag","embeddable":true,"href":"https:\/\/aztaka4x4.com\/index.php?rest_route=%2Fwp%2Fv2%2Fproduct_tag&post=778"}],"curies":[{"name":"wp","href":"https:\/\/api.w.org\/{rel}","templated":true}]}}