{"id":875,"date":"2026-03-04T10:11:20","date_gmt":"2026-03-04T10:11:20","guid":{"rendered":"https:\/\/aztaka4x4.com\/?page_id=875"},"modified":"2026-03-10T19:48:46","modified_gmt":"2026-03-10T19:48:46","slug":"servicios-2","status":"publish","type":"page","link":"https:\/\/aztaka4x4.com\/?page_id=875","title":{"rendered":"Servicios 2"},"content":{"rendered":"\t\t<div data-elementor-type=\"wp-page\" data-elementor-id=\"875\" class=\"elementor elementor-875\" data-elementor-post-type=\"page\">\n\t\t\t\t<div class=\"elementor-element elementor-element-2b0d809 e-flex e-con-boxed e-con e-parent\" data-id=\"2b0d809\" data-element_type=\"container\" data-settings=\"{&quot;background_background&quot;:&quot;video&quot;,&quot;background_video_link&quot;:&quot;https:\\\/\\\/aztaka4x4.com\\\/wp-content\\\/uploads\\\/2024\\\/12\\\/1289619_Car_Truck_Pickup_1280x720.mp4&quot;,&quot;background_play_on_mobile&quot;:&quot;yes&quot;}\">\n\t\t\t\t\t<div class=\"e-con-inner\">\n\t\t<div class=\"elementor-background-video-container\">\n\t\t\t\t\t\t\t<video class=\"elementor-background-video-hosted elementor-html5-video\" autoplay muted playsinline loop><\/video>\n\t\t\t\t\t<\/div><div class=\"elementor-element elementor-element-082bac1 e-flex e-con-boxed e-con e-child\" data-id=\"082bac1\" data-element_type=\"container\">\n\t\t\t\t\t<div class=\"e-con-inner\">\n\t\t\t\t<div class=\"elementor-element elementor-element-03743fd elementor-widget elementor-widget-heading\" data-id=\"03743fd\" data-element_type=\"widget\" data-widget_type=\"heading.default\">\n\t\t\t\t<div class=\"elementor-widget-container\">\n\t\t\t\t\t<h1 class=\"elementor-heading-title elementor-size-default\">SERVICIOS<\/h1>\t\t\t\t<\/div>\n\t\t\t\t<\/div>\n\t\t\t\t\t<\/div>\n\t\t\t\t<\/div>\n\t\t<div class=\"elementor-element elementor-element-36fdf37 e-flex e-con-boxed e-con e-child\" data-id=\"36fdf37\" data-element_type=\"container\">\n\t\t\t\t\t<div class=\"e-con-inner\">\n\t\t\t\t<div class=\"elementor-element elementor-element-19af6f3 elementor--h-position-left elementor-hidden-tablet elementor-hidden-mobile elementor--v-position-middle elementor-widget elementor-widget-slides\" data-id=\"19af6f3\" data-element_type=\"widget\" data-settings=\"{&quot;navigation&quot;:&quot;none&quot;,&quot;transition&quot;:&quot;fade&quot;,&quot;autoplay&quot;:&quot;yes&quot;,&quot;autoplay_speed&quot;:5000,&quot;infinite&quot;:&quot;yes&quot;,&quot;transition_speed&quot;:500}\" data-widget_type=\"slides.default\">\n\t\t\t\t<div class=\"elementor-widget-container\">\n\t\t\t\t\t\t\t\t\t<div class=\"elementor-swiper\">\n\t\t\t\t\t<div class=\"elementor-slides-wrapper elementor-main-swiper swiper\" role=\"region\" aria-roledescription=\"carousel\" aria-label=\"Diapositivas\" dir=\"ltr\" data-animation=\"fadeInRight\">\n\t\t\t\t<div class=\"swiper-wrapper elementor-slides\">\n\t\t\t\t\t\t\t\t\t\t<div class=\"elementor-repeater-item-63e0bcd swiper-slide\" role=\"group\" aria-roledescription=\"slide\"><div class=\"swiper-slide-bg\" role=\"img\"><\/div><div class=\"swiper-slide-inner\" ><div class=\"swiper-slide-contents\"><div class=\"elementor-slide-description\">Los trabajos que realizamos<\/div><\/div><\/div><\/div>\t\t\t\t<\/div>\n\t\t\t\t\t\t\t<\/div>\n\t\t\t\t<\/div>\n\t\t\t\t\t\t\t\t<\/div>\n\t\t\t\t<\/div>\n\t\t\t\t<div class=\"elementor-element elementor-element-50eafad elementor-hidden-desktop elementor--h-position-center elementor--v-position-middle elementor-widget elementor-widget-slides\" data-id=\"50eafad\" data-element_type=\"widget\" data-settings=\"{&quot;navigation&quot;:&quot;none&quot;,&quot;transition&quot;:&quot;fade&quot;,&quot;autoplay&quot;:&quot;yes&quot;,&quot;autoplay_speed&quot;:5000,&quot;infinite&quot;:&quot;yes&quot;,&quot;transition_speed&quot;:500}\" data-widget_type=\"slides.default\">\n\t\t\t\t<div class=\"elementor-widget-container\">\n\t\t\t\t\t\t\t\t\t<div class=\"elementor-swiper\">\n\t\t\t\t\t<div class=\"elementor-slides-wrapper elementor-main-swiper swiper\" role=\"region\" aria-roledescription=\"carousel\" aria-label=\"Diapositivas\" dir=\"ltr\" data-animation=\"fadeInRight\">\n\t\t\t\t<div class=\"swiper-wrapper elementor-slides\">\n\t\t\t\t\t\t\t\t\t\t<div class=\"elementor-repeater-item-63e0bcd swiper-slide\" role=\"group\" aria-roledescription=\"slide\"><div class=\"swiper-slide-bg\" role=\"img\"><\/div><div class=\"swiper-slide-inner\" ><div class=\"swiper-slide-contents\"><div class=\"elementor-slide-description\">Habla con nosotros<\/div><\/div><\/div><\/div>\t\t\t\t<\/div>\n\t\t\t\t\t\t\t<\/div>\n\t\t\t\t<\/div>\n\t\t\t\t\t\t\t\t<\/div>\n\t\t\t\t<\/div>\n\t\t\t\t<div class=\"elementor-element elementor-element-6c283e5 elementor-tablet-align-center elementor-widget elementor-widget-breadcrumbs\" data-id=\"6c283e5\" data-element_type=\"widget\" data-widget_type=\"breadcrumbs.default\">\n\t\t\t\t<div class=\"elementor-widget-container\">\n\t\t\t\t\t<p id=\"breadcrumbs\"><span><span><a href=\"https:\/\/aztaka4x4.com\/\">Inicio<\/a><\/span><\/span><\/p>\t\t\t\t<\/div>\n\t\t\t\t<\/div>\n\t\t\t\t\t<\/div>\n\t\t\t\t<\/div>\n\t\t\t\t\t<\/div>\n\t\t\t\t<\/div>\n\t\t<div class=\"elementor-element elementor-element-cb5da3e e-con-full e-flex e-con e-parent\" data-id=\"cb5da3e\" data-element_type=\"container\" data-settings=\"{&quot;background_background&quot;:&quot;gradient&quot;}\">\n\t\t\t\t<div class=\"elementor-element elementor-element-168193f elementor-widget elementor-widget-text-editor\" data-id=\"168193f\" data-element_type=\"widget\" data-widget_type=\"text-editor.default\">\n\t\t\t\t<div class=\"elementor-widget-container\">\n\t\t\t\t\t\t\t\t\t<p><span style=\"color: #0078be;\">MEC\u00c1NICA GENERAL<\/span><\/p><p><br \/><span style=\"color: #0078be;\">Arreglamos cualquier aver\u00eda<\/span><\/p><hr \/><p>Reparamos cualquier aver\u00eda. Todos nuestros trabajos est\u00e1n garantizados.<\/p><p>Realizamos todo tipo de reparaciones;<\/p><p>-Reparaci\u00f3n integral de todo tipo de motores.<br \/>\u2022 -Reparaci\u00f3n de turbo, caja de cambios, diferenciales,tr\u00e1nsfers, transmisiones, embragues&#8230;<br \/>\u2022 -Inyecci\u00f3n<br \/>\u2022 -Grupos de tracci\u00f3n trasera<br \/>\u2022 -Suspensi\u00f3n y frenos<br \/>\u2022 -Direcciones<br \/>\u2022 -Grupos<br \/>\u2022 -&#8230;<br \/>\u2022 <br \/>\u2022 Realizamos presupuestos gratuitos y personalizados adaptados a cada gusto y econom\u00eda del cliente.<\/p>\t\t\t\t\t\t\t\t<\/div>\n\t\t\t\t<\/div>\n\t\t\t\t<\/div>\n\t\t<div class=\"elementor-element elementor-element-cec387e e-con-full e-flex e-con e-parent\" data-id=\"cec387e\" data-element_type=\"container\" data-settings=\"{&quot;background_background&quot;:&quot;gradient&quot;}\">\n\t\t\t\t<div class=\"elementor-element elementor-element-0d67769 elementor-widget elementor-widget-text-editor\" data-id=\"0d67769\" data-element_type=\"widget\" data-widget_type=\"text-editor.default\">\n\t\t\t\t<div class=\"elementor-widget-container\">\n\t\t\t\t\t\t\t\t\t<p><span style=\"color: #0078be;\">ELECTRICIDAD Y ELECTR\u00d3NICA<\/span><\/p><p><br \/><span style=\"color: #0078be;\">Adaptada a cada preparaci\u00f3n<\/span><\/p><hr \/><p>Con nuestro equipo de diagnosis el\u00e9ctrico diagnosticamos y reparamos la aver\u00eda de su coche; avisos de testigos de emisiones o fallo del motor, del ABS, del ESP, del airbag, apertura de puerta, cintur\u00f3n de seguridad, temperatura motor, presi\u00f3n de los neum\u00e1ticos, etc.<\/p>\t\t\t\t\t\t\t\t<\/div>\n\t\t\t\t<\/div>\n\t\t\t\t<\/div>\n\t\t<div class=\"elementor-element elementor-element-816876a e-con-full e-flex e-con e-parent\" data-id=\"816876a\" data-element_type=\"container\" data-settings=\"{&quot;background_background&quot;:&quot;gradient&quot;}\">\n\t\t\t\t<div class=\"elementor-element elementor-element-4816ec8 elementor-widget elementor-widget-text-editor\" data-id=\"4816ec8\" data-element_type=\"widget\" data-widget_type=\"text-editor.default\">\n\t\t\t\t<div class=\"elementor-widget-container\">\n\t\t\t\t\t\t\t\t\t<p><span style=\"color: #0078be;\">MANTENIMIENTO Y REVISIONES<\/span><\/p><p><br \/><span style=\"color: #0078be;\">ITV, cambios de aceite, neumaticos&#8230;<\/span><\/p><hr \/><p>Realizamos revisiones peri\u00f3dicas del veh\u00edculo seg\u00fan las necesidades en cada momento de cada veh\u00edculo.<\/p><p><span style=\"color: #0078be;\">Cambios de filtros; Aceite, aire, combustible y habit\u00e1culo:<\/span><br \/>Cada cierto kilometraje habr\u00e1 que sustituir determinados filtros del veh\u00edculo as\u00ed como el aceite del motor, de modo que sirva para mantener en buen estado todo el sistema y se optimice al m\u00e1ximo el funcionamiento.<\/p><p><span style=\"color: #0078be;\">Mantenimiento espec\u00edfico seg\u00fan necesidades en cada momento; frenos, neum\u00e1ticos, amortiguadores, sistemas de escape y catalizadores<\/span><br \/>Tambi\u00e9n ser\u00e1 necesario revisar una serie de puntos que son fundamentales para garantizar nuestra seguridad como la suspensi\u00f3n, el sistema de frenos, los neum\u00e1ticos y las ruedas en general, as\u00ed como la existencia de posibles fugas en alguno de los circuitos del veh\u00edculo&#8230;<\/p><p><span style=\"color: #0078be;\">Tambi\u00e9n recordamos la obligatoriedad de pasar la inspecci\u00f3n t\u00e9cnica de veh\u00edculos(ITV)<\/span><br \/>Se revisa la direcci\u00f3n , luces de cruce, intermitentes&#8230;<\/p>\t\t\t\t\t\t\t\t<\/div>\n\t\t\t\t<\/div>\n\t\t\t\t<\/div>\n\t\t<div class=\"elementor-element elementor-element-003cb90 e-con-full e-flex e-con e-parent\" data-id=\"003cb90\" data-element_type=\"container\" data-settings=\"{&quot;background_background&quot;:&quot;gradient&quot;}\">\n\t\t\t\t<div class=\"elementor-element elementor-element-943de8a elementor-widget elementor-widget-text-editor\" data-id=\"943de8a\" data-element_type=\"widget\" data-widget_type=\"text-editor.default\">\n\t\t\t\t<div class=\"elementor-widget-container\">\n\t\t\t\t\t\t\t\t\t<p><span style=\"color: #0078be;\">ENGANCHES DE BOLA<\/span><\/p><p><span style=\"color: #0078be;\">Colocaci\u00f3n de todo tipo de bolas, con su correspondiente informe de conformidad y certificado de taller.<\/span><\/p><hr \/><p>Instalaci\u00f3n y venta de todo tipo de enganches en veh\u00edculos, tanto en bola fija , extra\u00edble horizontal o extra\u00edble vertical.<br \/>Venta de accesorios para enganches y remolques.<br \/>Venta de portabicis, portaperros, portaequipajes y accesorios.<br \/>Todo tipo de enganches con su correspondiente informe de conformidad y certificado de taller.<\/p><p>\u00a0<\/p>\t\t\t\t\t\t\t\t<\/div>\n\t\t\t\t<\/div>\n\t\t\t\t<\/div>\n\t\t<div class=\"elementor-element elementor-element-9841d35 e-con-full e-flex e-con e-parent\" data-id=\"9841d35\" data-element_type=\"container\" data-settings=\"{&quot;background_background&quot;:&quot;gradient&quot;}\">\n\t\t\t\t<div class=\"elementor-element elementor-element-3a3604b elementor-widget elementor-widget-text-editor\" data-id=\"3a3604b\" data-element_type=\"widget\" data-widget_type=\"text-editor.default\">\n\t\t\t\t<div class=\"elementor-widget-container\">\n\t\t\t\t\t\t\t\t\t<p><span style=\"color: #0078be;\">PREPARACIONES Y MONTAJE 4X4<\/span><\/p><p><span style=\"color: #0078be;\">Potenciai\u00f3n, reprogramaciones, suspensiones, cabrestantes&#8230;<\/span><\/p><hr \/><p>* Ayudamos y aconsejamos, sobre la preparaci\u00f3n del 4\u00d74 seg\u00fan las necesidades de cada Cliente.<br \/>* Hacemos preparaciones en general de protecciones de bajos, modificaciones en suspensiones, amortiguaci\u00f3n, neum\u00e1ticos, tomas de aire elevadas, cabestrantes, fabricaci\u00f3n propia,etc.<br \/>* Realizamos montajes de cabestrantes (Tmax), (Warm)&#8230;<br \/>* Montaje de tomas elevadas (Snorkel), marcas Safari, Air Flow, Roca Silva, etc.<br \/>Todas ellas con su correspondiente certificado de montaje.<br \/>* Material de iluminaci\u00f3n para su veh\u00edculo; focos&#8230;<br \/>* Realizamos la tramitaci\u00f3n de la documentaci\u00f3n para la homologaci\u00f3n de todas las Preparaciones. <br \/>* Potenciamos su veh\u00edculo (chip) o reprogramacion en centralita original.<br \/>* Venta de accesorios especiales para sus aventuras<\/p>\t\t\t\t\t\t\t\t<\/div>\n\t\t\t\t<\/div>\n\t\t\t\t<\/div>\n\t\t<div class=\"elementor-element elementor-element-d56f9b1 e-con-full e-flex e-con e-parent\" data-id=\"d56f9b1\" data-element_type=\"container\" data-settings=\"{&quot;background_background&quot;:&quot;gradient&quot;}\">\n\t\t\t\t<div class=\"elementor-element elementor-element-7f89bc2 elementor-widget elementor-widget-text-editor\" data-id=\"7f89bc2\" data-element_type=\"widget\" data-widget_type=\"text-editor.default\">\n\t\t\t\t<div class=\"elementor-widget-container\">\n\t\t\t\t\t\t\t\t\t<p><span style=\"color: #0078be;\">VENTA DE ACCESORIOS<\/span><\/p><p><span style=\"color: #0078be;\">Montaje y adaptaci\u00f3n de cualquier accesorio para tu veh\u00edculo; Ironman, ARB&#8230;<\/span><\/p><hr \/><p>No dude en consultarnos&#8230;<\/p>\t\t\t\t\t\t\t\t<\/div>\n\t\t\t\t<\/div>\n\t\t\t\t<\/div>\n\t\t<div class=\"elementor-element elementor-element-3fadf4f e-con-full e-flex e-con e-parent\" data-id=\"3fadf4f\" data-element_type=\"container\" data-settings=\"{&quot;background_background&quot;:&quot;gradient&quot;}\">\n\t\t\t\t<div class=\"elementor-element elementor-element-7baa670 elementor-widget elementor-widget-text-editor\" data-id=\"7baa670\" data-element_type=\"widget\" data-widget_type=\"text-editor.default\">\n\t\t\t\t<div class=\"elementor-widget-container\">\n\t\t\t\t\t\t\t\t\t<p><span style=\"color: #0078be;\">AIRE ACONDICIONADO<\/span><\/p><p><span style=\"color: #0078be;\">Mantenimiento y diagn\u00f3stico de aver\u00edas.<\/span><\/p><hr \/><p>Ofrecemos una revisi\u00f3n para detectar posibles aver\u00edas.<\/p>\t\t\t\t\t\t\t\t<\/div>\n\t\t\t\t<\/div>\n\t\t\t\t<\/div>\n\t\t<div class=\"elementor-element elementor-element-9fe64fd e-con-full e-flex e-con e-parent\" data-id=\"9fe64fd\" data-element_type=\"container\" data-settings=\"{&quot;background_background&quot;:&quot;gradient&quot;}\">\n\t\t\t\t<div class=\"elementor-element elementor-element-1e1fc0f elementor-widget elementor-widget-text-editor\" data-id=\"1e1fc0f\" data-element_type=\"widget\" data-widget_type=\"text-editor.default\">\n\t\t\t\t<div class=\"elementor-widget-container\">\n\t\t\t\t\t\t\t\t\t<p><span style=\"color: #0078be;\">TALLER MULTIMARCA<\/span><\/p><p><span style=\"color: #0078be;\">Taller multimarca; Toyota, Mitsubishi, Suzuki&#8230;<\/span><\/p><hr \/><p>Trabajamos con cualquier marca de veh\u00edculo.<br \/>y m\u00e1s&#8230;<\/p>\t\t\t\t\t\t\t\t<\/div>\n\t\t\t\t<\/div>\n\t\t\t\t<\/div>\n\t\t<div class=\"elementor-element elementor-element-d98a5e2 e-con-full e-flex e-con e-parent\" data-id=\"d98a5e2\" data-element_type=\"container\" data-settings=\"{&quot;background_background&quot;:&quot;gradient&quot;}\">\n\t\t\t\t<div class=\"elementor-element elementor-element-1af0882 elementor-widget elementor-widget-text-editor\" data-id=\"1af0882\" data-element_type=\"widget\" data-widget_type=\"text-editor.default\">\n\t\t\t\t<div class=\"elementor-widget-container\">\n\t\t\t\t\t\t\t\t\t<p><span style=\"color: #0078be;\">PEGATINAS AZTAKA 4X4 A MEDIDA<\/span><\/p><p><span style=\"color: #0078be;\">Solicita tu pegatina AZTAKA 4X4<\/span><\/p><hr \/><p>Tenemos pegatinas de diferentes tama\u00f1os y colores.Tambi\u00e9n te los podemos hacer a medida&#8230; Solicitanos pegatinas Aztaka 4&#215;4 gratis&#8230;<\/p>\t\t\t\t\t\t\t\t<\/div>\n\t\t\t\t<\/div>\n\t\t\t\t<\/div>\n\t\t\t\t<\/div>\n\t\t","protected":false},"excerpt":{"rendered":"<p>SERVICIOS Los trabajos que realizamos Habla con nosotros MEC\u00c1NICA GENERAL Arreglamos cualquier aver\u00eda Reparamos cualquier aver\u00eda. Todos nuestros trabajos est\u00e1n garantizados. Realizamos todo tipo de reparaciones; -Reparaci\u00f3n integral de todo tipo de motores.\u2022 -Reparaci\u00f3n de turbo, caja de cambios, diferenciales,tr\u00e1nsfers, transmisiones, embragues&#8230;\u2022 -Inyecci\u00f3n\u2022 -Grupos de tracci\u00f3n trasera\u2022 -Suspensi\u00f3n y frenos\u2022 -Direcciones\u2022 -Grupos\u2022 -&#8230;\u2022 \u2022 Realizamos [&hellip;]<\/p>\n","protected":false},"author":1,"featured_media":0,"parent":0,"menu_order":0,"comment_status":"closed","ping_status":"closed","template":"","meta":{"footnotes":""},"class_list":["post-875","page","type-page","status-publish","hentry"],"yoast_head":"<!-- This site is optimized with the Yoast SEO plugin v24.1 - https:\/\/yoast.com\/wordpress\/plugins\/seo\/ -->\n<title>Servicios 2 - Aztaka 4x4<\/title>\n<meta name=\"robots\" content=\"index, follow, max-snippet:-1, max-image-preview:large, max-video-preview:-1\" \/>\n<link rel=\"canonical\" href=\"https:\/\/aztaka4x4.com\/?page_id=875\" \/>\n<meta property=\"og:locale\" content=\"es_ES\" \/>\n<meta property=\"og:type\" content=\"article\" \/>\n<meta property=\"og:title\" content=\"Servicios 2 - Aztaka 4x4\" \/>\n<meta property=\"og:description\" content=\"SERVICIOS Los trabajos que realizamos Habla con nosotros MEC\u00c1NICA GENERAL Arreglamos cualquier aver\u00eda Reparamos cualquier aver\u00eda. Todos nuestros trabajos est\u00e1n garantizados. Realizamos todo tipo de reparaciones; -Reparaci\u00f3n integral de todo tipo de motores.\u2022 -Reparaci\u00f3n de turbo, caja de cambios, diferenciales,tr\u00e1nsfers, transmisiones, embragues&#8230;\u2022 -Inyecci\u00f3n\u2022 -Grupos de tracci\u00f3n trasera\u2022 -Suspensi\u00f3n y frenos\u2022 -Direcciones\u2022 -Grupos\u2022 -&#8230;\u2022 \u2022 Realizamos [&hellip;]\" \/>\n<meta property=\"og:url\" content=\"https:\/\/aztaka4x4.com\/?page_id=875\" \/>\n<meta property=\"og:site_name\" content=\"Aztaka 4x4\" \/>\n<meta property=\"article:modified_time\" content=\"2026-03-10T19:48:46+00:00\" \/>\n<meta name=\"twitter:card\" content=\"summary_large_image\" \/>\n<meta name=\"twitter:label1\" content=\"Tiempo de lectura\" \/>\n\t<meta name=\"twitter:data1\" content=\"3 minutos\" \/>\n<script type=\"application\/ld+json\" class=\"yoast-schema-graph\">{\"@context\":\"https:\/\/schema.org\",\"@graph\":[{\"@type\":\"WebPage\",\"@id\":\"https:\/\/aztaka4x4.com\/?page_id=875\",\"url\":\"https:\/\/aztaka4x4.com\/?page_id=875\",\"name\":\"Servicios 2 - Aztaka 4x4\",\"isPartOf\":{\"@id\":\"https:\/\/aztaka4x4.com\/#website\"},\"datePublished\":\"2026-03-04T10:11:20+00:00\",\"dateModified\":\"2026-03-10T19:48:46+00:00\",\"breadcrumb\":{\"@id\":\"https:\/\/aztaka4x4.com\/?page_id=875#breadcrumb\"},\"inLanguage\":\"es\",\"potentialAction\":[{\"@type\":\"ReadAction\",\"target\":[\"https:\/\/aztaka4x4.com\/?page_id=875\"]}]},{\"@type\":\"BreadcrumbList\",\"@id\":\"https:\/\/aztaka4x4.com\/?page_id=875#breadcrumb\",\"itemListElement\":[{\"@type\":\"ListItem\",\"position\":1,\"name\":\"Inicio\",\"item\":\"https:\/\/aztaka4x4.com\/\"},{\"@type\":\"ListItem\",\"position\":2,\"name\":\"Servicios 2\"}]},{\"@type\":\"WebSite\",\"@id\":\"https:\/\/aztaka4x4.com\/#website\",\"url\":\"https:\/\/aztaka4x4.com\/\",\"name\":\"Aztaka 4x4\",\"description\":\"\",\"publisher\":{\"@id\":\"https:\/\/aztaka4x4.com\/#organization\"},\"potentialAction\":[{\"@type\":\"SearchAction\",\"target\":{\"@type\":\"EntryPoint\",\"urlTemplate\":\"https:\/\/aztaka4x4.com\/?s={search_term_string}\"},\"query-input\":{\"@type\":\"PropertyValueSpecification\",\"valueRequired\":true,\"valueName\":\"search_term_string\"}}],\"inLanguage\":\"es\"},{\"@type\":\"Organization\",\"@id\":\"https:\/\/aztaka4x4.com\/#organization\",\"name\":\"Aztaka 4x4\",\"url\":\"https:\/\/aztaka4x4.com\/\",\"logo\":{\"@type\":\"ImageObject\",\"inLanguage\":\"es\",\"@id\":\"https:\/\/aztaka4x4.com\/#\/schema\/logo\/image\/\",\"url\":\"https:\/\/aztaka4x4.com\/wp-content\/uploads\/2024\/04\/image001.png\",\"contentUrl\":\"https:\/\/aztaka4x4.com\/wp-content\/uploads\/2024\/04\/image001.png\",\"width\":200,\"height\":63,\"caption\":\"Aztaka 4x4\"},\"image\":{\"@id\":\"https:\/\/aztaka4x4.com\/#\/schema\/logo\/image\/\"}}]}<\/script>\n<!-- \/ Yoast SEO plugin. -->","yoast_head_json":{"title":"Servicios 2 - Aztaka 4x4","robots":{"index":"index","follow":"follow","max-snippet":"max-snippet:-1","max-image-preview":"max-image-preview:large","max-video-preview":"max-video-preview:-1"},"canonical":"https:\/\/aztaka4x4.com\/?page_id=875","og_locale":"es_ES","og_type":"article","og_title":"Servicios 2 - Aztaka 4x4","og_description":"SERVICIOS Los trabajos que realizamos Habla con nosotros MEC\u00c1NICA GENERAL Arreglamos cualquier aver\u00eda Reparamos cualquier aver\u00eda. Todos nuestros trabajos est\u00e1n garantizados. Realizamos todo tipo de reparaciones; -Reparaci\u00f3n integral de todo tipo de motores.\u2022 -Reparaci\u00f3n de turbo, caja de cambios, diferenciales,tr\u00e1nsfers, transmisiones, embragues&#8230;\u2022 -Inyecci\u00f3n\u2022 -Grupos de tracci\u00f3n trasera\u2022 -Suspensi\u00f3n y frenos\u2022 -Direcciones\u2022 -Grupos\u2022 -&#8230;\u2022 \u2022 Realizamos [&hellip;]","og_url":"https:\/\/aztaka4x4.com\/?page_id=875","og_site_name":"Aztaka 4x4","article_modified_time":"2026-03-10T19:48:46+00:00","twitter_card":"summary_large_image","twitter_misc":{"Tiempo de lectura":"3 minutos"},"schema":{"@context":"https:\/\/schema.org","@graph":[{"@type":"WebPage","@id":"https:\/\/aztaka4x4.com\/?page_id=875","url":"https:\/\/aztaka4x4.com\/?page_id=875","name":"Servicios 2 - Aztaka 4x4","isPartOf":{"@id":"https:\/\/aztaka4x4.com\/#website"},"datePublished":"2026-03-04T10:11:20+00:00","dateModified":"2026-03-10T19:48:46+00:00","breadcrumb":{"@id":"https:\/\/aztaka4x4.com\/?page_id=875#breadcrumb"},"inLanguage":"es","potentialAction":[{"@type":"ReadAction","target":["https:\/\/aztaka4x4.com\/?page_id=875"]}]},{"@type":"BreadcrumbList","@id":"https:\/\/aztaka4x4.com\/?page_id=875#breadcrumb","itemListElement":[{"@type":"ListItem","position":1,"name":"Inicio","item":"https:\/\/aztaka4x4.com\/"},{"@type":"ListItem","position":2,"name":"Servicios 2"}]},{"@type":"WebSite","@id":"https:\/\/aztaka4x4.com\/#website","url":"https:\/\/aztaka4x4.com\/","name":"Aztaka 4x4","description":"","publisher":{"@id":"https:\/\/aztaka4x4.com\/#organization"},"potentialAction":[{"@type":"SearchAction","target":{"@type":"EntryPoint","urlTemplate":"https:\/\/aztaka4x4.com\/?s={search_term_string}"},"query-input":{"@type":"PropertyValueSpecification","valueRequired":true,"valueName":"search_term_string"}}],"inLanguage":"es"},{"@type":"Organization","@id":"https:\/\/aztaka4x4.com\/#organization","name":"Aztaka 4x4","url":"https:\/\/aztaka4x4.com\/","logo":{"@type":"ImageObject","inLanguage":"es","@id":"https:\/\/aztaka4x4.com\/#\/schema\/logo\/image\/","url":"https:\/\/aztaka4x4.com\/wp-content\/uploads\/2024\/04\/image001.png","contentUrl":"https:\/\/aztaka4x4.com\/wp-content\/uploads\/2024\/04\/image001.png","width":200,"height":63,"caption":"Aztaka 4x4"},"image":{"@id":"https:\/\/aztaka4x4.com\/#\/schema\/logo\/image\/"}}]}},"_links":{"self":[{"href":"https:\/\/aztaka4x4.com\/index.php?rest_route=\/wp\/v2\/pages\/875","targetHints":{"allow":["GET"]}}],"collection":[{"href":"https:\/\/aztaka4x4.com\/index.php?rest_route=\/wp\/v2\/pages"}],"about":[{"href":"https:\/\/aztaka4x4.com\/index.php?rest_route=\/wp\/v2\/types\/page"}],"author":[{"embeddable":true,"href":"https:\/\/aztaka4x4.com\/index.php?rest_route=\/wp\/v2\/users\/1"}],"replies":[{"embeddable":true,"href":"https:\/\/aztaka4x4.com\/index.php?rest_route=%2Fwp%2Fv2%2Fcomments&post=875"}],"version-history":[{"count":7,"href":"https:\/\/aztaka4x4.com\/index.php?rest_route=\/wp\/v2\/pages\/875\/revisions"}],"predecessor-version":[{"id":888,"href":"https:\/\/aztaka4x4.com\/index.php?rest_route=\/wp\/v2\/pages\/875\/revisions\/888"}],"wp:attachment":[{"href":"https:\/\/aztaka4x4.com\/index.php?rest_route=%2Fwp%2Fv2%2Fmedia&parent=875"}],"curies":[{"name":"wp","href":"https:\/\/api.w.org\/{rel}","templated":true}]}}